{"id":11948,"date":"2020-04-20T01:32:18","date_gmt":"2020-04-19T22:32:18","guid":{"rendered":"https:\/\/klubasklasika.lt\/?page_id=11948"},"modified":"2025-06-18T11:14:30","modified_gmt":"2025-06-18T08:14:30","slug":"klasika-garbes-zenklas","status":"publish","type":"page","link":"https:\/\/klubasklasika.lt\/en\/klasika-garbes-zenklas\/","title":{"rendered":"Senovini\u0173 automobili\u0173 klubo &#8220;Klasika&#8221; Garb\u0117s \u017denklas"},"content":{"rendered":"<span style=\"color: #000080;\">Sorry, this entry is only available in Lithuanian.<\/span><\/p>\n<p><span style=\"color: #000000;\">Nor\u0117dami per\u017ei\u016br\u0117ti \u0161i\u0105 tem\u0105 lietuvi\u0161kai, tinklalapio vir\u0161uje paspauskite &#8220;Pasirinkti kalb\u0105&#8221;.<\/span>","protected":false},"excerpt":{"rendered":"<p>Sorry, this entry is only available in Lithuanian. Nor\u0117dami per\u017ei\u016br\u0117ti \u0161i\u0105 tem\u0105 lietuvi\u0161kai, tinklalapio vir\u0161uje paspauskite &#8220;Pasirinkti kalb\u0105&#8221;.<\/p>\n","protected":false},"author":10,"featured_media":11961,"parent":0,"menu_order":0,"comment_status":"closed","ping_status":"closed","template":"","meta":{"footnotes":""},"class_list":["post-11948","page","type-page","status-publish","has-post-thumbnail","hentry"],"aioseo_notices":[],"jetpack_sharing_enabled":true,"_links":{"self":[{"href":"https:\/\/klubasklasika.lt\/en\/wp-json\/wp\/v2\/pages\/11948","targetHints":{"allow":["GET"]}}],"collection":[{"href":"https:\/\/klubasklasika.lt\/en\/wp-json\/wp\/v2\/pages"}],"about":[{"href":"https:\/\/klubasklasika.lt\/en\/wp-json\/wp\/v2\/types\/page"}],"author":[{"embeddable":true,"href":"https:\/\/klubasklasika.lt\/en\/wp-json\/wp\/v2\/users\/10"}],"replies":[{"embeddable":true,"href":"https:\/\/klubasklasika.lt\/en\/wp-json\/wp\/v2\/comments?post=11948"}],"version-history":[{"count":0,"href":"https:\/\/klubasklasika.lt\/en\/wp-json\/wp\/v2\/pages\/11948\/revisions"}],"wp:featuredmedia":[{"embeddable":true,"href":"https:\/\/klubasklasika.lt\/en\/wp-json\/wp\/v2\/media\/11961"}],"wp:attachment":[{"href":"https:\/\/klubasklasika.lt\/en\/wp-json\/wp\/v2\/media?parent=11948"}],"curies":[{"name":"wp","href":"https:\/\/api.w.org\/{rel}","templated":true}]}}